{"id":54,"date":"2017-05-17T21:38:28","date_gmt":"2017-05-17T19:38:28","guid":{"rendered":"http:\/\/new.koreakulturhaus.at\/?page_id=54"},"modified":"2018-01-06T21:36:39","modified_gmt":"2018-01-06T20:36:39","slug":"veranstaltungen","status":"publish","type":"page","link":"http:\/\/koreakulturhaus.at\/kr\/veranstaltungen\/","title":{"rendered":"\ud589\uc0ac"},"content":{"rendered":"<p><div class=\"fusion-fullwidth fullwidth-box nonhundred-percent-fullwidth non-hundred-percent-height-scrolling\"  style='background-color: rgba(255,255,255,0);background-position: center center;background-repeat: no-repeat;padding-top:0px;padding-right:0px;padding-bottom:0px;padding-left:0px;'><div class=\"fusion-builder-row fusion-row \"><div  class=\"fusion-layout-column fusion_builder_column fusion_builder_column_1_1  fusion-one-full fusion-column-first fusion-column-last 1_1\"  style='margin-top:0px;margin-bottom:20px;width:100%'>\n\t\t\t\t\t<div class=\"fusion-column-wrapper\" style=\"background-position:left top;background-repeat:no-repeat;-webkit-background-size:cover;-moz-background-size:cover;-o-background-size:cover;background-size:cover;\"  data-bg-url=\"\">\n\t\t\t\t\t\t<div class=\"fusion-blog-shortcode fusion-blog-shortcode-2 fusion-blog-archive fusion-blog-layout-medium-alternate fusion-blog-pagination\"><div class=\"fusion-posts-container fusion-posts-container-pagination fusion-blog-rollover\" data-pages=\"26\"><article id=\"blog-2-post-6976\" class=\"fusion-post-medium-alternate post-6976 post type-post status-publish format-standard hentry category-veranstaltungen category-sprachkurse-usw\">\n<div class=\"fusion-date-and-formats\"><div class=\"fusion-date-box updated\"><span class=\"fusion-date\">16<\/span><span class=\"fusion-month-year\">09, 2025<\/span><\/div><div class=\"fusion-format-box\"><i class=\"fusion-icon-pen\"><\/i><\/div><\/div>\t<style type=\"text\/css\">\n\t\t\n\t\t\n\t\t\n\t\t\n\t\t\t<\/style>\n\n\n<div class=\"fusion-post-content post-content\"><h2 class=\"blog-shortcode-post-title entry-title\"><a href=\"http:\/\/koreakulturhaus.at\/kr\/koreanisch-wintersemester-2025\/\">Koreanisch Wintersemester 2025<\/a><\/h2>\n\t\t\t\n\t\t\t\t\t\t\t<span class=\"vcard\" style=\"display: none;\">\n\t\t\t\t\t<span class=\"fn\">\n\t\t\t\t\t\t<a href=\"http:\/\/koreakulturhaus.at\/kr\/author\/kkh_webdev\/\" title=\"Posts by kkh_webdev\" rel=\"author\">kkh_webdev<\/a>\t\t\t\t\t<\/span>\n\t\t\t\t<\/span>\n\t\t\t\n\t\t\t\n\t\t\n\t\t\t\n\t\t\t\n\t\t\t\t\t\t\t<span class=\"updated\" style=\"display:none;\">\n\t\t\t\t\t2025-09-16T09:51:27+00:00\t\t\t\t<\/span>\n\t\t\t\n\t\t<div class=\"fusion-post-content-container\"><p><\/p><\/div><\/div><div class=\"fusion-clearfix\"><\/div><div class=\"fusion-meta-info\"><div class=\"fusion-alignright\"><a class=\"fusion-read-more\" href=\"http:\/\/koreakulturhaus.at\/kr\/koreanisch-wintersemester-2025\/\">Read More<\/a><\/div><\/div><\/article>\n<article id=\"blog-2-post-6924\" class=\"fusion-post-medium-alternate post-6924 post type-post status-publish format-standard hentry category-veranstaltungen category-allgemein\">\n<div class=\"fusion-date-and-formats\"><div class=\"fusion-date-box updated\"><span class=\"fusion-date\">20<\/span><span class=\"fusion-month-year\">02, 2024<\/span><\/div><div class=\"fusion-format-box\"><i class=\"fusion-icon-pen\"><\/i><\/div><\/div>\t<style type=\"text\/css\">\n\t\t\n\t\t\n\t\t\n\t\t\n\t\t\t<\/style>\n\n\n<div class=\"fusion-post-content post-content\"><h2 class=\"blog-shortcode-post-title entry-title\"><a href=\"http:\/\/koreakulturhaus.at\/kr\/2023-10-newsletter-2-2\/\">2024.1~12\uc6d4 \ud55c\uc778\ubb38\ud654\ud68c\uad00 \ub274\uc2a4\ub808\ud130 \ud1b5\ud569\ubcf8 KKH Newsletter 2024<\/a><\/h2>\n\t\t\t\n\t\t\t\t\t\t\t<span class=\"vcard\" style=\"display: none;\">\n\t\t\t\t\t<span class=\"fn\">\n\t\t\t\t\t\t<a href=\"http:\/\/koreakulturhaus.at\/kr\/author\/kkh_webdev\/\" title=\"Posts by kkh_webdev\" rel=\"author\">kkh_webdev<\/a>\t\t\t\t\t<\/span>\n\t\t\t\t<\/span>\n\t\t\t\n\t\t\t\n\t\t\n\t\t\t\n\t\t\t\n\t\t\t\t\t\t\t<span class=\"updated\" style=\"display:none;\">\n\t\t\t\t\t2025-02-11T17:11:30+00:00\t\t\t\t<\/span>\n\t\t\t\n\t\t<div class=\"fusion-post-content-container\"><p>'24\ub144 1\uc6d4\ud638 \ubb38\ud654\ud68c\uad00 \ub274\uc2a4\ub808\ud130 \ub9c1\ud06c (\uc544\ub798 \uc8fc\uc18c\ud074\ub9ad!) https:\/\/stib.ee\/W5ZA \uc874\uacbd\ud558\ub294 \ud55c\uc778\ubb38\ud654\ud68c\uad00 \ud68c\uc6d0 \uc5ec\ub7ec\ubd84 \uc548\ub155\ud558\uc2ed\ub2c8\uae4c? 2024\ub144 \uccad\ub8e1\uc758 \ud574\ub97c \ub9de\uc544 \ub354\uc6b1 \uac74\uac15\ud558\uc2dc\uace0 \ub9ce\uc740 \uc131\ucde8 \uc788\uc73c\uc2dc\uae38 \ubc14\ub78d\ub2c8\ub2e4. \uc774\ubc88 1\uc6d4 \ud638\ub294 \ud568\uc0c1\uc6b1 \ub300\uc0ac\ub2d8, \uc774\ub355\ud638 \ud55c\uc778\ud68c\uc7a5\ub2d8, \uc804\ubbf8\uc790 \uc774\uc0ac\uc7a5\ub2d8, \uc1a1\ud6a8\uc219 \uad00\uc7a5\ub2d8\uc758 \uc0c8\ud574 \uc778\uc0ac\ub9d0\uc500\uc744 \uc804\ud558\uc5ec \ub4dc\ub9ac\uba70, 2\/9(\uae08) 17\uc2dc \ud55c\uc778\ubb38\ud654\ud68c\uad00\uc5d0\uc11c &lt;2023\ub144 \uc774\uc0ac\ud68c\/\ucd1d\ud68c&gt; \uac1c\ucd5c\uc640 \ud568\uaed8 \uae08\ub144 \uc774\uc0ac\ud68c\ube44 \ub0a9\ubd80 \uacf5\uc9c0\ub97c \ub4dc\ub9bd\ub2c8\ub2e4. \uae30\ud68d\uc5f0\uc7ac\uc5d0\uc11c\ub294 '\ud55c\uc778\ubb38\ud654\ud68c\uad00\uc124\ub9bd\ucd94\uc9c4\uc704\uc6d0\ud68c'\uc758 \ubc1c\uc871 \ubc0f \ubb38\ud654\ud68c\uad00 \uc124\ub9bd\uc5d0 \ud070 \uae30\uc5ec\ub97c \ud558\uc2e0 \ubd84\ub4e4\uc758 \uc801\uadf9\uc801\uc778 \ub178\ub825 \ub4f1\uc744 \ub2f4\uc558\uc73c\uba70 \ud55c\uae00\ud559\uad50\ub294 1\/13 \uac1c\ud559 \ud6c4 2\/10 2\ud559\uae30 \uc2dc\uc791\uc744 \uc54c\ub824 \ub4dc\ub9ac\uace0 \uc788\uc2b5\ub2c8\ub2e4. \uc9c0\ub09c\ud574 \uc720\ucf8c\ud558\uace0 \ud765\ubbf8\uc9c4\uc9c4\ud55c \uc624\ud398\ub77c \uac15\uc5f0\uc744 \ud574\uc8fc\uc2e0 \ubc31\uc724\ud559 \uad50\uc218\uaed8\uc11c &lt;\ubc31\uc724\ud559\uc758 \uc74c\uc545\uc0b0\ucc45&gt; \uc5f0\uc7ac\ub85c \uc5ec\ub7ec\ubd84\uc744 \ucc3e\uc544\ubd59\ub2c8\ub2e4. \ube44\uc5d4\ub098\ub97c \uc808\uc808\ud788 \uadf8\ub9ac\uc6cc \ud558\uc2dc\ub294 \ubc31\uad50\uc218\ub2d8\uc758 \uc774\uc57c\uae30\ub97c \ud568\uaed8 \ub4e4\uc5b4\ubcf4\uaca0\uc2b5\ub2c8\ub2e4. \uc5ec\ub7ec\ubd84\uc758 \ud070 \uad00\uc2ec\uacfc \uc131\uc6d0\uc5d0 \ub298 [...]<\/p><\/div><\/div><div class=\"fusion-clearfix\"><\/div><div class=\"fusion-meta-info\"><div class=\"fusion-alignright\"><a class=\"fusion-read-more\" href=\"http:\/\/koreakulturhaus.at\/kr\/2023-10-newsletter-2-2\/\">Read More<\/a><\/div><\/div><\/article>\n<article id=\"blog-2-post-6863\" class=\"fusion-post-medium-alternate post-6863 post type-post status-publish format-standard hentry category-veranstaltungen category-allgemein\">\n<div class=\"fusion-date-and-formats\"><div class=\"fusion-date-box updated\"><span class=\"fusion-date\">20<\/span><span class=\"fusion-month-year\">06, 2023<\/span><\/div><div class=\"fusion-format-box\"><i class=\"fusion-icon-pen\"><\/i><\/div><\/div>\t<style type=\"text\/css\">\n\t\t\n\t\t\n\t\t\n\t\t\n\t\t\t<\/style>\n\n\n<div class=\"fusion-post-content post-content\"><h2 class=\"blog-shortcode-post-title entry-title\"><a href=\"http:\/\/koreakulturhaus.at\/kr\/2023-6%ec%9b%94%ed%98%b8-%eb%89%b4%ec%8a%a4%eb%a0%88%ed%84%b0\/\">2023. 1~12\uc6d4 \ud55c\uc778\ubb38\ud654\ud68c\uad00 \ub274\uc2a4\ub808\ud130 \ud1b5\ud569\ubcf8 KKH Newsletter 2023<\/a><\/h2>\n\t\t\t\n\t\t\t\t\t\t\t<span class=\"vcard\" style=\"display: none;\">\n\t\t\t\t\t<span class=\"fn\">\n\t\t\t\t\t\t<a href=\"http:\/\/koreakulturhaus.at\/kr\/author\/kkh_webdev\/\" title=\"Posts by kkh_webdev\" rel=\"author\">kkh_webdev<\/a>\t\t\t\t\t<\/span>\n\t\t\t\t<\/span>\n\t\t\t\n\t\t\t\n\t\t\n\t\t\t\n\t\t\t\n\t\t\t\t\t\t\t<span class=\"updated\" style=\"display:none;\">\n\t\t\t\t\t2025-02-11T17:11:54+00:00\t\t\t\t<\/span>\n\t\t\t\n\t\t<div class=\"fusion-post-content-container\"><p>&nbsp; --------------------------------------------------------------------- '23\ub144 1\uc6d4\ud638 \ubb38\ud654\ud68c\uad00 \ub274\uc2a4\ub808\ud130 \ub9c1\ud06c (\uc544\ub798 \uc8fc\uc18c\ud074\ub9ad!) https:\/\/stib.ee\/I6l6 \uc874\uacbd\ud558\ub294 \ud55c\uc778\ubb38\ud654\ud68c\uad00 \uc774\uc0ac\ud68c \uc5ec\ub7ec\ubd84 \uc548\ub155\ud558\uc2ed\ub2c8\uae4c?\ub2e4\uc18c \ub2a6\uc5c8\uc9c0\ub9cc \uc0c8\ud574 \ubcf5 \ub9ce\uc774 \ubc1b\uc73c\uc2dc\uace0 \ud56d\uc0c1 \uac74\uac15\uacfc \ud589\ubcf5\uc774 \uac00\ub4dd\ud55c 2023\ub144\uc774 \ub418\uc2dc\uae30 \ubc14\ub78d\ub2c8\ub2e4. '23.1\uc6d4 \ub274\uc2a4\ub808\ud130 \uc1a1\ubd80\ub4dc\ub9bd\ub2c8\ub2e4. \uc0c8\ud574 \uc778\uc0ac\ub9d0\uc500\uc73c\ub85c \ud568\uc0c1\uc6b1 \ub300\uc0ac\ub2d8, \uc804\ubbf8\uc790 \uc774\uc0ac\uc7a5\ub2d8, \uc1a1\ud6a8\uc219 \uad00\uc7a5\ub2d8, \uae40\uc885\ubbfc \ud55c\uc778\ud68c\uc7a5\ub2d8\uc744 \uc11c\ub450\ub85c \ud558\uc5ec, 2\/3(\uae08) \ucd1d\ud68c&amp;\uc774\uc0ac\ud68c, \ucd9c\ud310\uae30\ub150\ud68c, \ud0dc\uc591\uad11 \uc124\uce58\uc0ac\uc5c5 \ub4f1 \uc0c8\ub85c\uc6b4 \uc18c\uc2dd\uacfc \ud568\uaed8 \uc9c0\ub09c 12\uc6d4 \ud55c\uae00\ud559\uad50 \ub3c4\uc11c 100\uad8c \uae30\uc99d\uc2dd \ud589\uc0ac\uc5d0 \ub300\ud574 \uc54c\ub824\ub4dc\ub9bd\ub2c8\ub2e4. \ud55c\uc778\ub2e8\uccb4 \ud65c\ub3d9\uc73c\ub85c \uc774\ubc88\ud638\uc5d0\ub294 '\ube44\uc5d4\ub098 \ud55c\uc778\uc5ec\uc131\ud569\ucc3d\ub2e8'\uc774 \uc18c\uac1c\ub418\uc5c8\uc73c\uba70, \ud55c\uae00\ud559\uad50\ub294 \uc0c8\ud574\ub9de\uc774 \ud589\uc0ac\uc640 2\ud559\uae30 \uc77c\uc815\uc744 \uc54c\ub824\ub4dc\ub9bd\ub2c8\ub2e4. \ub05d\uc73c\ub85c \ubbf8\uc220\uac00 \uc720\ud604\uc120\ub2d8\uc758 '\uadf8\ub9bc\uc77d\uae30' \ubc0f \ud3c9\ub860\uac00 \uc7a5\uc77c\ubc94\ub2d8\uc758 '\ud55c\uad6d \ud074\ub798\uc2dd\uacc4\uc758 \ud2b8\ub79c\ub4dc'\uc758 \uae30\uace0\ubb38\uc774 \uc5ec\ub7ec\ubd84\uc744 \ucc3e\uc544\uac11\ub2c8\ub2e4. \ub9ce\uc740 \uc131\uc6d0 \ubc14\ub78d\ub2c8\ub2e4. \uac10\uc0ac\ud569\ub2c8\ub2e4. --------------------------------------------------------------------- '23\ub144 2\uc6d4\ud638 \ubb38\ud654\ud68c\uad00 \ub274\uc2a4\ub808\ud130 \ub9c1\ud06c (\uc544\ub798 \uc8fc\uc18c\ud074\ub9ad!) https:\/\/stib.ee\/kq27 \uc874\uacbd\ud558\ub294 \ud55c\uc778\ubb38\ud654\ud68c\uad00 [...]<\/p><\/div><\/div><div class=\"fusion-clearfix\"><\/div><div class=\"fusion-meta-info\"><div class=\"fusion-alignright\"><a class=\"fusion-read-more\" href=\"http:\/\/koreakulturhaus.at\/kr\/2023-6%ec%9b%94%ed%98%b8-%eb%89%b4%ec%8a%a4%eb%a0%88%ed%84%b0\/\">Read More<\/a><\/div><\/div><\/article>\n<article id=\"blog-2-post-6751\" class=\"fusion-post-medium-alternate post-6751 post type-post status-publish format-standard hentry category-veranstaltungen category-allgemein\">\n<div class=\"fusion-date-and-formats\"><div class=\"fusion-date-box updated\"><span class=\"fusion-date\">25<\/span><span class=\"fusion-month-year\">10, 2021<\/span><\/div><div class=\"fusion-format-box\"><i class=\"fusion-icon-pen\"><\/i><\/div><\/div>\t<style type=\"text\/css\">\n\t\t\n\t\t\n\t\t\n\t\t\n\t\t\t<\/style>\n\n\n<div class=\"fusion-post-content post-content\"><h2 class=\"blog-shortcode-post-title entry-title\"><a href=\"http:\/\/koreakulturhaus.at\/kr\/10news\/\">2022.1~12\uc6d4 \ud55c\uc778\ubb38\ud654\ud68c\uad00 \ub274\uc2a4\ub808\ud130 \ud1b5\ud569\ubcf8 KKH Newletter<\/a><\/h2>\n\t\t\t\n\t\t\t\t\t\t\t<span class=\"vcard\" style=\"display: none;\">\n\t\t\t\t\t<span class=\"fn\">\n\t\t\t\t\t\t<a href=\"http:\/\/koreakulturhaus.at\/kr\/author\/kkh_webdev\/\" title=\"Posts by kkh_webdev\" rel=\"author\">kkh_webdev<\/a>\t\t\t\t\t<\/span>\n\t\t\t\t<\/span>\n\t\t\t\n\t\t\t\n\t\t\n\t\t\t\n\t\t\t\n\t\t\t\t\t\t\t<span class=\"updated\" style=\"display:none;\">\n\t\t\t\t\t2025-02-11T17:12:11+00:00\t\t\t\t<\/span>\n\t\t\t\n\t\t<div class=\"fusion-post-content-container\"><p>------------------------------------------------------------------- '22. 1\uc6d4 \ud55c\uc778\ubb38\ud654\ud68c\uad00 \ub274\uc2a4\ub808\ud130 (\ubc14\ub85c\uac00\uae30) \uc544\ub798 \ub9c1\ud06c \ud074\ub9ad! https:\/\/stib.ee\/spY4 \uc774\ubc88 \ud638\ub294 \uc2e0\uc7ac\ud604 \ub300\uc0ac\ub2d8\uacfc \uc2e0\uc784 \ud55c\uc778\ud68c\uc7a5 \uae40\uc885\ubbfc \ud68c\uc7a5, \uc804\ubbf8\uc790 \uc774\uc0ac\uc7a5, \uc1a1\ud6a8\uc219 \uad00\uc7a5\uc758 \uc0c8\ud574 \uc778\uc0ac\ub9d0\uc500\uacfc \ud568\uaed8 2\uc6d4 \ucd1d\ud68c\uc18c\uc2dd, \ud55c\uae00\ud559\uad50 \uc18c\uc2dd \ub4f1\uc73c\ub85c \uad6c\uc131\ub418\uc5b4 \uc788\uc73c\uba70\uad8c\uae30\ud6c8\ub2d8\uc758 \ub9c8\uc9c0\ub9c9 \uc5f0\uc7ac\uae00\uacfc, \uacf5\ucc3d\ubc30 \ubc15\uc0ac\uc758 \uc2a4\ud0a4\uad00\ub828 \uae00, \ub098\uc131\uc778\ub2d8\uc758 '\uc9c0\uc74c\uc758 \ud074\ub798\uc2dd-\ubca0\ud1a0\ubca4\uc758 \uc2e0\uc2ec'\uc73c\ub85c \uc54c\ucc28\uac8c \uafb8\uba70\uc838 \uc788\uc2b5\ub2c8\ub2e4.\uadfc\ub798 \ucf54\ub85c\ub098 \ubcc0\uc774\ub85c \uc6b0\ub824\uac00 \ub192\uc544\uac00\ub294 \uc0c1\ud669\uc5d0\uc11c \ub298 \uac74\uac15 \uc720\uc758\ud558\uc2dc\uae30 \ubc14\ub78d\ub2c8\ub2e4. \uac10\uc0ac\ud569\ub2c8\ub2e4. ------------------------------------------------------------------- '22. 2\uc6d4 \ud55c\uc778\ubb38\ud654\ud68c\uad00 \ub274\uc2a4\ub808\ud130 (\ubc14\ub85c\uac00\uae30) \uc544\ub798 \ub9c1\ud06c \ud074\ub9ad! https:\/\/stib.ee\/ezh4 \uc774\ubc88 \ud638\ub294 \ucd1d\ud68c\uc18c\uc2dd(2\uc6d425\uc77c 16\uc2dc), \ubcf4\uc218\uacf5\uc0ac \ubc0f \uac1c\uad0010\uc8fc\ub144 \uc57d\uc0ac\uc81c\uc791 \uc18c\uc2dd\uacfc \ud568\uaed8 \ud55c\uae00\ud559\uad50 \ubc29\ud559\uc2dd \ubc0f 2\ud559\uae30 \uc77c\uc815, \ud55c\uad6d\uc2dc\uc778\uc758 \uc815\uc6d0 \ucd94\uc9c4\uc0c1\ud669 \ub4f1\uc73c\ub85c \uad6c\uc131\ub418\uc5b4 \uc788\uc73c\uba70,\uacf5\ucc3d\ubc30 \ubc15\uc0ac\uc758 \uc2a4\ud0a4\uac00 \uc804\uc7c1\ub3c4\uad6c\ub85c\uc368 \ubc1c\uc804\ud558\uc600\ub2e4\ub294 \uae30\uace0\uae00, \ub098\uc131\uc778\ub2d8\uc758 '\uc9c0\uc74c\uc758 \ud074\ub798\uc2dd- \uc288\ubca0\ub974\ud2f0\uc544\ub370 '\ub85c \uc5ec\ub7ec\ubd84\uc744 \ucc3e\uc544\uac11\ub2c8\ub2e4.\uc77c\ub3c5\uc744 \uad8c\ud558\uc5ec \ub4dc\ub9ac\uba70, [...]<\/p><\/div><\/div><div class=\"fusion-clearfix\"><\/div><div class=\"fusion-meta-info\"><div class=\"fusion-alignright\"><a class=\"fusion-read-more\" href=\"http:\/\/koreakulturhaus.at\/kr\/10news\/\">Read More<\/a><\/div><\/div><\/article>\n<article id=\"blog-2-post-6746\" class=\"fusion-post-medium-alternate post-6746 post type-post status-publish format-standard hentry category-veranstaltungen category-allgemein\">\n<div class=\"fusion-date-and-formats\"><div class=\"fusion-date-box updated\"><span class=\"fusion-date\">25<\/span><span class=\"fusion-month-year\">10, 2021<\/span><\/div><div class=\"fusion-format-box\"><i class=\"fusion-icon-pen\"><\/i><\/div><\/div>\t<style type=\"text\/css\">\n\t\t\n\t\t\n\t\t\n\t\t\n\t\t\t<\/style>\n\n\n<div class=\"fusion-post-content post-content\"><h2 class=\"blog-shortcode-post-title entry-title\"><a href=\"http:\/\/koreakulturhaus.at\/kr\/2021-10-newsletter\/\">2021.1~12\uc6d4 \ud55c\uc778\ubb38\ud654\ud68c\uad00 \ub274\uc2a4\ub808\ud130 \ud1b5\ud569\ubcf8 KKH Newlsetter 2021<\/a><\/h2>\n\t\t\t\n\t\t\t\t\t\t\t<span class=\"vcard\" style=\"display: none;\">\n\t\t\t\t\t<span class=\"fn\">\n\t\t\t\t\t\t<a href=\"http:\/\/koreakulturhaus.at\/kr\/author\/kkh_webdev\/\" title=\"Posts by kkh_webdev\" rel=\"author\">kkh_webdev<\/a>\t\t\t\t\t<\/span>\n\t\t\t\t<\/span>\n\t\t\t\n\t\t\t\n\t\t\n\t\t\t\n\t\t\t\n\t\t\t\t\t\t\t<span class=\"updated\" style=\"display:none;\">\n\t\t\t\t\t2025-02-11T17:13:11+00:00\t\t\t\t<\/span>\n\t\t\t\n\t\t<div class=\"fusion-post-content-container\"><p>------------------------------------------------------ '21\ub144 1\uc6d4\ud638 \ubb38\ud654\ud68c\uad00 \ub274\uc2a4\ub808\ud130 \ub9c1\ud06c (\uc544\ub798 \ud074\ub9ad!) https:\/\/stib.ee\/Lir2 \uc874\uacbd\ud558\ub294 \ubb38\ud654\ud68c\uad00 \uc774\uc0ac\ud68c \uc5ec\ub7ec\ubd84, \uc548\ub155\ud558\uc2ed\ub2c8\uae4c? \ubc15\uc0c1\uc6b1 \uc0ac\ubb34\uad6d\uc7a5 \uc0c8\ud574 \uc778\uc0ac\ub9d0\uc500\uacfc \ud568\uaed8 '21\ub144 1\uc6d4 \ub274\uc2a4\ub808\ud130\ub97c \uc804\ud558\uc5ec \ub4dc\ub9bd\ub2c8\ub2e4. \ub300\uc0ac\ub2d8\uc744 \ube44\ub86f\ud558\uc5ec \ud55c\uc778\ud68c\uc7a5\ub2d8\uacfc \uc774\uc0ac\uc7a5\ub2d8, \uad00\uc7a5\ub2d8\uc758 \uc0c8\ud574 \ub9d0\uc500\uc744 \uc804\ub2ec\ub4dc\ub9ac\uba70, \uad8c\uae30\ud6c8\ub2d8\uc758 \uc640\uc778\uc2a4\ud1a0\ub9ac\ud154\ub9c1\uacfc \uc5fc\uc218\uc11d\uc758 \ud328\uc158\uc81c\uc548\uc774 \uc88b\uc740 \ub0b4\uc6a9\uc73c\ub85c \uc5ec\ub7ec\ubd84\uc5d0\uac8c \ub2e4\uac00\uac08 \uac83\uc785\ub2c8\ub2e4. \ud2b9\ud788 \uc774\ubc88 &lt;100\uc138 \uc2dc\ub300\ub97c \uc704\ud55c \uac74\uac15\uad00\ub9ac&gt; -\uc5ec\ud589, \uadf8\ub9ac\uace0 \ubc30\uc6b0\uae30 \ud3b8\uc744 \ub05d\uc73c\ub85c \uacf5\ucc3d\ubc30 \uc6d0\uc7a5\uaed8\uc11c \ud55c\uad6d\uc73c\ub85c \uadc0\uc784\uc744 \ud569\ub2c8\ub2e4. \ub9c8\uc9c0\ub9c9\ud3b8\uc778 \ub9cc\ud07c \uc6b4\ub3d9 -&gt; \ub9c8\uc74c\uad00\ub9ac+\uac74\uac15\uad00\ub9ac -&gt; \ud589\ubcf5\uc73c\ub85c \uc774\uc5b4\uc9c0\ub294 \uc88b\uc740 \uae00\uc774\uc624\ub2c8 \ubaa8\ub4e0 \uc5ec\ub7ec\ubd84\uc758 \uc77c\ub3c5\uc744 \uad8c\ud558\uc5ec \ub4dc\ub9bd\ub2c8\ub2e4. ------------------------------------------------------ '21\ub144 2\uc6d4\ud638 \ubb38\ud654\ud68c\uad00 \ub274\uc2a4\ub808\ud130 \ub9c1\ud06c (\uc544\ub798 \ud074\ub9ad!) https:\/\/stib.ee\/jdy2 \uc874\uacbd\ud558\ub294 \ubb38\ud654\ud68c\uad00 \uc774\uc0ac\ud68c \uc5ec\ub7ec\ubd84, \uc548\ub155\ud558\uc2ed\ub2c8\uae4c? \ubc15\uc0c1\uc6b1 \uc0ac\ubb34\uad6d\uc7a5\uc785\ub2c8\ub2e4. '21\ub144 2\uc6d4 \ub274\uc2a4\ub808\ud130\ub97c \uc804\ud558\uc5ec \ub4dc\ub9bd\ub2c8\ub2e4. \uc774\ubc88\ud638\uc5d0\ub294 &lt;2021 \uc628\ub77c\uc778 \ube44\uc5d4\ub098 \ud55c\uc778 \uc2e0\ub144\uc74c\uc545\ud68c&gt;\uc18c\uc2dd\uacfc \ud568\uaed8 [...]<\/p><\/div><\/div><div class=\"fusion-clearfix\"><\/div><div class=\"fusion-meta-info\"><div class=\"fusion-alignright\"><a class=\"fusion-read-more\" href=\"http:\/\/koreakulturhaus.at\/kr\/2021-10-newsletter\/\">Read More<\/a><\/div><\/div><\/article>\n<article id=\"blog-2-post-6600\" class=\"fusion-post-medium-alternate post-6600 post type-post status-publish format-standard hentry category-veranstaltungen category-allgemein category-sprachkurse-usw\">\n<div class=\"fusion-date-and-formats\"><div class=\"fusion-date-box updated\"><span class=\"fusion-date\">16<\/span><span class=\"fusion-month-year\">02, 2021<\/span><\/div><div class=\"fusion-format-box\"><i class=\"fusion-icon-pen\"><\/i><\/div><\/div>\t<style type=\"text\/css\">\n\t\t\n\t\t\n\t\t\n\t\t\n\t\t\t<\/style>\n\n\n<div class=\"fusion-post-content post-content\"><h2 class=\"blog-shortcode-post-title entry-title\"><a href=\"http:\/\/koreakulturhaus.at\/kr\/koreanischkurs-im-sommersemester-2021\/\">KOREANISCHKURS im SOMMERSEMESTER 2021<\/a><\/h2>\n\t\t\t\n\t\t\t\t\t\t\t<span class=\"vcard\" style=\"display: none;\">\n\t\t\t\t\t<span class=\"fn\">\n\t\t\t\t\t\t<a href=\"http:\/\/koreakulturhaus.at\/kr\/author\/kkh_webdev\/\" title=\"Posts by kkh_webdev\" rel=\"author\">kkh_webdev<\/a>\t\t\t\t\t<\/span>\n\t\t\t\t<\/span>\n\t\t\t\n\t\t\t\n\t\t\n\t\t\t\n\t\t\t\n\t\t\t\t\t\t\t<span class=\"updated\" style=\"display:none;\">\n\t\t\t\t\t2022-09-30T11:41:21+00:00\t\t\t\t<\/span>\n\t\t\t\n\t\t<div class=\"fusion-post-content-container\"><p>KOREANISCHKURS&nbsp;im SOMMERSEMESTER 2021 &nbsp;&nbsp;&nbsp; &nbsp; &nbsp; &nbsp; &nbsp; &nbsp; &nbsp; &nbsp; &nbsp; &nbsp; &nbsp; &nbsp; &nbsp;KOREAKULTURHAUS &nbsp; &nbsp;A1&nbsp;\u2013&nbsp;1 Einf\u00fchrung in die koreanische Sprache f\u00fcr &nbsp;Anf\u00e4nger ohne Vorkenntnisse)&nbsp; Zeitraum: Montag, 08. 03. 2021 \u2013 07. 06. 2021&nbsp;(Unterrichtsfrei: 29. M\u00e4rz, 05. April, 24. Mai) Uhrzeit: 18.00-19.30&nbsp;Uhr&nbsp;&nbsp; Unterrichtseinheiten:24&nbsp;(2x45min.&nbsp;x12&nbsp;Wochen)&nbsp; &nbsp;Lernmaterial: &nbsp;Ewha1\u20131&nbsp;&nbsp;&nbsp;&nbsp;&nbsp; &nbsp;Lehrende:&nbsp;Ji-Hye Ham &nbsp;&nbsp;&nbsp;&nbsp;&nbsp;&nbsp;&nbsp; &nbsp;Inhalt:&nbsp;Die wichtigsten&nbsp;alltagssprachlichen&nbsp;Themen werden eingef\u00fchrt und vertraut gemacht. Grammatik und Wortschatz werden ge\u00fcbt. &nbsp; Teilnehmerzahl:&nbsp;mind. 6, max. 10(bei 5 Teilnehmer 10 statt 12 Wochen) &nbsp;Anmeldung: Anmeldungsformular &nbsp;&nbsp;&nbsp;&nbsp;&nbsp;&nbsp;&nbsp;&nbsp;&nbsp;&nbsp;&nbsp;&nbsp;&nbsp;&nbsp;&nbsp;&nbsp;&nbsp;&nbsp;&nbsp;&nbsp;&nbsp; bis 4. M\u00e4rz. per Mail&nbsp; senden an hyunsook_wien@yahoo.com &nbsp;&nbsp;&nbsp;&nbsp; A1\u2013&nbsp;3 FORTSETZUNGSKURS von A1-2( MIT &nbsp;VORKENNTNIS ) Zeitraum: Donnerstag, 11. 03. 2021 \u2013 17. 06. [...]<\/p><\/div><\/div><div class=\"fusion-clearfix\"><\/div><div class=\"fusion-meta-info\"><div class=\"fusion-alignright\"><a class=\"fusion-read-more\" href=\"http:\/\/koreakulturhaus.at\/kr\/koreanischkurs-im-sommersemester-2021\/\">Read More<\/a><\/div><\/div><\/article>\n<\/div><div class=\"pagination clearfix\"><span class=\"current\">1<\/span><a href=\"http:\/\/koreakulturhaus.at\/kr\/wp-json\/wp\/v2\/pages\/54\/page\/2\/\" class=\"inactive\">2<\/a><a class=\"pagination-next\" href=\"http:\/\/koreakulturhaus.at\/kr\/wp-json\/wp\/v2\/pages\/54\/page\/2\/\"><span class=\"page-text\">Next<\/span><span class=\"page-next\"><\/span><\/a><\/div><div class=\"fusion-clearfix\"><\/div><\/div><div class=\"fusion-clearfix\"><\/div>\n\n\t\t\t\t\t<\/div>\n\t\t\t\t<\/div><\/div><\/div><\/p>","protected":false},"excerpt":{"rendered":"","protected":false},"author":1,"featured_media":0,"parent":0,"menu_order":0,"comment_status":"closed","ping_status":"closed","template":"","meta":{"ngg_post_thumbnail":0,"footnotes":""},"class_list":["post-54","page","type-page","status-publish","hentry"],"_links":{"self":[{"href":"http:\/\/koreakulturhaus.at\/kr\/wp-json\/wp\/v2\/pages\/54","targetHints":{"allow":["GET"]}}],"collection":[{"href":"http:\/\/koreakulturhaus.at\/kr\/wp-json\/wp\/v2\/pages"}],"about":[{"href":"http:\/\/koreakulturhaus.at\/kr\/wp-json\/wp\/v2\/types\/page"}],"author":[{"embeddable":true,"href":"http:\/\/koreakulturhaus.at\/kr\/wp-json\/wp\/v2\/users\/1"}],"replies":[{"embeddable":true,"href":"http:\/\/koreakulturhaus.at\/kr\/wp-json\/wp\/v2\/comments?post=54"}],"version-history":[{"count":9,"href":"http:\/\/koreakulturhaus.at\/kr\/wp-json\/wp\/v2\/pages\/54\/revisions"}],"predecessor-version":[{"id":5883,"href":"http:\/\/koreakulturhaus.at\/kr\/wp-json\/wp\/v2\/pages\/54\/revisions\/5883"}],"wp:attachment":[{"href":"http:\/\/koreakulturhaus.at\/kr\/wp-json\/wp\/v2\/media?parent=54"}],"curies":[{"name":"wp","href":"https:\/\/api.w.org\/{rel}","templated":true}]}}