{"id":6641,"date":"2021-09-15T10:04:54","date_gmt":"2021-09-15T08:04:54","guid":{"rendered":"http:\/\/koreakulturhaus.at\/?page_id=6641"},"modified":"2023-10-16T18:57:42","modified_gmt":"2023-10-16T16:57:42","slug":"garten","status":"publish","type":"page","link":"http:\/\/koreakulturhaus.at\/kr\/garten\/","title":{"rendered":"Garten"},"content":{"rendered":"<p><div class=\"fusion-fullwidth fullwidth-box nonhundred-percent-fullwidth non-hundred-percent-height-scrolling\"  style='background-color: rgba(255,255,255,0);background-position: center center;background-repeat: no-repeat;padding-top:0px;padding-right:0px;padding-bottom:0px;padding-left:0px;'><div class=\"fusion-builder-row fusion-row \"><div  class=\"fusion-layout-column fusion_builder_column fusion_builder_column_1_1  fusion-one-full fusion-column-first fusion-column-last 1_1\"  style='margin-top:0px;margin-bottom:20px;'>\n\t\t\t\t\t<div class=\"fusion-column-wrapper\" style=\"padding: 0px 0px 0px 0px;background-position:left top;background-repeat:no-repeat;-webkit-background-size:cover;-moz-background-size:cover;-o-background-size:cover;background-size:cover;\"  data-bg-url=\"\">\n\t\t\t\t\t\t<div class=\"fusion-text\"><h2><strong>[\ud55c\uad6d\uc2dc\uc778\uc758 \uc815\uc6d0] \uc870\uc131\uc0ac\uc5c5 \uc548\ub0b4<\/strong><\/h2>\n<\/div><div class=\"fusion-gallery fusion-gallery-container fusion-grid-1 fusion-columns-total-1 fusion-gallery-layout-grid\" style=\"margin:-5px;\"><div style=\"padding:5px;\" class=\"fusion-grid-column fusion-gallery-column fusion-gallery-column-1 hover-type-none\"><div class=\"fusion-gallery-image\"><img loading=\"lazy\" decoding=\"async\" width=\"1200\" height=\"900\" src=\"http:\/\/koreakulturhaus.at\/wp-content\/uploads\/2023\/09\/KakaoTalk_20230921_022549088_18-1200x900.jpg\" alt=\"\" title=\"OLYMPUS DIGITAL CAMERA\" aria-label=\"OLYMPUS DIGITAL CAMERA\" class=\"img-responsive wp-image-6828\" srcset=\"http:\/\/koreakulturhaus.at\/wp-content\/uploads\/2023\/09\/KakaoTalk_20230921_022549088_18-200x150.jpg 200w, http:\/\/koreakulturhaus.at\/wp-content\/uploads\/2023\/09\/KakaoTalk_20230921_022549088_18-400x300.jpg 400w, http:\/\/koreakulturhaus.at\/wp-content\/uploads\/2023\/09\/KakaoTalk_20230921_022549088_18-600x450.jpg 600w, http:\/\/koreakulturhaus.at\/wp-content\/uploads\/2023\/09\/KakaoTalk_20230921_022549088_18-800x600.jpg 800w, http:\/\/koreakulturhaus.at\/wp-content\/uploads\/2023\/09\/KakaoTalk_20230921_022549088_18-1200x900.jpg 1200w\" sizes=\"auto, (min-width: 2200px) 100vw, (min-width: 640px) 1500px, \" \/><\/div><\/div><div class=\"clearfix\"><\/div><\/div><span class=\"fusion-imageframe imageframe-none imageframe-1 hover-type-none\"><\/span><div class=\"fusion-gallery fusion-gallery-container fusion-grid-3 fusion-columns-total-6 fusion-gallery-layout-grid\" style=\"margin:-5px;\"><div style=\"padding:5px;\" class=\"fusion-grid-column fusion-gallery-column fusion-gallery-column-3 hover-type-none\"><div class=\"fusion-gallery-image\"><img loading=\"lazy\" decoding=\"async\" width=\"400\" height=\"225\" src=\"http:\/\/koreakulturhaus.at\/wp-content\/uploads\/2023\/09\/KakaoTalk_20230921_022549088_16-400x225.jpg\" alt=\"\" title=\"OLYMPUS DIGITAL CAMERA\" aria-label=\"OLYMPUS DIGITAL CAMERA\" class=\"img-responsive wp-image-6830\" srcset=\"http:\/\/koreakulturhaus.at\/wp-content\/uploads\/2023\/09\/KakaoTalk_20230921_022549088_16-200x112.jpg 200w, http:\/\/koreakulturhaus.at\/wp-content\/uploads\/2023\/09\/KakaoTalk_20230921_022549088_16-400x225.jpg 400w, http:\/\/koreakulturhaus.at\/wp-content\/uploads\/2023\/09\/KakaoTalk_20230921_022549088_16-600x337.jpg 600w, http:\/\/koreakulturhaus.at\/wp-content\/uploads\/2023\/09\/KakaoTalk_20230921_022549088_16-800x450.jpg 800w, http:\/\/koreakulturhaus.at\/wp-content\/uploads\/2023\/09\/KakaoTalk_20230921_022549088_16-1200x675.jpg 1200w\" sizes=\"auto, (min-width: 2200px) 100vw, (min-width: 784px) 497px, (min-width: 712px) 784px, (min-width: 640px) 712px, \" \/><\/div><\/div><div style=\"padding:5px;\" class=\"fusion-grid-column fusion-gallery-column fusion-gallery-column-3 hover-type-none\"><div class=\"fusion-gallery-image\"><img loading=\"lazy\" decoding=\"async\" width=\"400\" height=\"225\" src=\"http:\/\/koreakulturhaus.at\/wp-content\/uploads\/2023\/10\/KakaoTalk_20230921_022549088_19-00-400x225.jpg\" alt=\"\" title=\"OLYMPUS DIGITAL CAMERA\" aria-label=\"OLYMPUS DIGITAL CAMERA\" class=\"img-responsive wp-image-6874\" srcset=\"http:\/\/koreakulturhaus.at\/wp-content\/uploads\/2023\/10\/KakaoTalk_20230921_022549088_19-00-200x113.jpg 200w, http:\/\/koreakulturhaus.at\/wp-content\/uploads\/2023\/10\/KakaoTalk_20230921_022549088_19-00-400x225.jpg 400w, http:\/\/koreakulturhaus.at\/wp-content\/uploads\/2023\/10\/KakaoTalk_20230921_022549088_19-00-600x338.jpg 600w, http:\/\/koreakulturhaus.at\/wp-content\/uploads\/2023\/10\/KakaoTalk_20230921_022549088_19-00-800x450.jpg 800w, http:\/\/koreakulturhaus.at\/wp-content\/uploads\/2023\/10\/KakaoTalk_20230921_022549088_19-00-1200x675.jpg 1200w\" sizes=\"auto, (min-width: 2200px) 100vw, (min-width: 784px) 497px, (min-width: 712px) 784px, (min-width: 640px) 712px, \" \/><\/div><\/div><div style=\"padding:5px;\" class=\"fusion-grid-column fusion-gallery-column fusion-gallery-column-3 hover-type-none\"><div class=\"fusion-gallery-image\"><img loading=\"lazy\" decoding=\"async\" width=\"400\" height=\"225\" src=\"http:\/\/koreakulturhaus.at\/wp-content\/uploads\/2023\/09\/KakaoTalk_20230921_022549088_17-400x225.jpg\" alt=\"\" title=\"OLYMPUS DIGITAL CAMERA\" aria-label=\"OLYMPUS DIGITAL CAMERA\" class=\"img-responsive wp-image-6829\" srcset=\"http:\/\/koreakulturhaus.at\/wp-content\/uploads\/2023\/09\/KakaoTalk_20230921_022549088_17-200x113.jpg 200w, http:\/\/koreakulturhaus.at\/wp-content\/uploads\/2023\/09\/KakaoTalk_20230921_022549088_17-400x225.jpg 400w, http:\/\/koreakulturhaus.at\/wp-content\/uploads\/2023\/09\/KakaoTalk_20230921_022549088_17-600x338.jpg 600w, http:\/\/koreakulturhaus.at\/wp-content\/uploads\/2023\/09\/KakaoTalk_20230921_022549088_17-800x450.jpg 800w, http:\/\/koreakulturhaus.at\/wp-content\/uploads\/2023\/09\/KakaoTalk_20230921_022549088_17-1200x675.jpg 1200w\" sizes=\"auto, (min-width: 2200px) 100vw, (min-width: 784px) 497px, (min-width: 712px) 784px, (min-width: 640px) 712px, \" \/><\/div><\/div><div class=\"clearfix\"><\/div><div style=\"padding:5px;\" class=\"fusion-grid-column fusion-gallery-column fusion-gallery-column-3 hover-type-none\"><div class=\"fusion-gallery-image\"><img loading=\"lazy\" decoding=\"async\" width=\"400\" height=\"282\" src=\"http:\/\/koreakulturhaus.at\/wp-content\/uploads\/2021\/09\/\uc2dc\uc778\uc815\uc6d0_\ub2e8\uba74\ub3c41-400x282.jpg\" alt=\"\" title=\"\uc2dc\uc778\uc815\uc6d0_\ub2e8\uba74\ub3c41\" aria-label=\"\uc2dc\uc778\uc815\uc6d0_\ub2e8\uba74\ub3c41\" class=\"img-responsive wp-image-6659\" srcset=\"http:\/\/koreakulturhaus.at\/wp-content\/uploads\/2021\/09\/\uc2dc\uc778\uc815\uc6d0_\ub2e8\uba74\ub3c41-200x141.jpg 200w, http:\/\/koreakulturhaus.at\/wp-content\/uploads\/2021\/09\/\uc2dc\uc778\uc815\uc6d0_\ub2e8\uba74\ub3c41-400x282.jpg 400w, http:\/\/koreakulturhaus.at\/wp-content\/uploads\/2021\/09\/\uc2dc\uc778\uc815\uc6d0_\ub2e8\uba74\ub3c41-600x423.jpg 600w, http:\/\/koreakulturhaus.at\/wp-content\/uploads\/2021\/09\/\uc2dc\uc778\uc815\uc6d0_\ub2e8\uba74\ub3c41-800x565.jpg 800w, http:\/\/koreakulturhaus.at\/wp-content\/uploads\/2021\/09\/\uc2dc\uc778\uc815\uc6d0_\ub2e8\uba74\ub3c41-1200x847.jpg 1200w, http:\/\/koreakulturhaus.at\/wp-content\/uploads\/2021\/09\/\uc2dc\uc778\uc815\uc6d0_\ub2e8\uba74\ub3c41.jpg 1288w\" sizes=\"auto, (min-width: 2200px) 100vw, (min-width: 784px) 497px, (min-width: 712px) 784px, (min-width: 640px) 712px, \" \/><\/div><\/div><div style=\"padding:5px;\" class=\"fusion-grid-column fusion-gallery-column fusion-gallery-column-3 hover-type-none\"><div class=\"fusion-gallery-image\"><img loading=\"lazy\" decoding=\"async\" width=\"400\" height=\"277\" src=\"http:\/\/koreakulturhaus.at\/wp-content\/uploads\/2021\/09\/KKH-\uac04\ub7b5\uc18c\uac1c\uc790\ub8cc-210906_\ud398\uc774\uc9c0_10-400x277.jpg\" alt=\"\" title=\"KKH \uac04\ub7b5\uc18c\uac1c\uc790\ub8cc 210906_\ud398\uc774\uc9c0_10\" aria-label=\"KKH \uac04\ub7b5\uc18c\uac1c\uc790\ub8cc 210906_\ud398\uc774\uc9c0_10\" class=\"img-responsive wp-image-6666\" srcset=\"http:\/\/koreakulturhaus.at\/wp-content\/uploads\/2021\/09\/KKH-\uac04\ub7b5\uc18c\uac1c\uc790\ub8cc-210906_\ud398\uc774\uc9c0_10-200x138.jpg 200w, http:\/\/koreakulturhaus.at\/wp-content\/uploads\/2021\/09\/KKH-\uac04\ub7b5\uc18c\uac1c\uc790\ub8cc-210906_\ud398\uc774\uc9c0_10-400x277.jpg 400w, http:\/\/koreakulturhaus.at\/wp-content\/uploads\/2021\/09\/KKH-\uac04\ub7b5\uc18c\uac1c\uc790\ub8cc-210906_\ud398\uc774\uc9c0_10-600x415.jpg 600w, http:\/\/koreakulturhaus.at\/wp-content\/uploads\/2021\/09\/KKH-\uac04\ub7b5\uc18c\uac1c\uc790\ub8cc-210906_\ud398\uc774\uc9c0_10-800x554.jpg 800w, http:\/\/koreakulturhaus.at\/wp-content\/uploads\/2021\/09\/KKH-\uac04\ub7b5\uc18c\uac1c\uc790\ub8cc-210906_\ud398\uc774\uc9c0_10-1200x831.jpg 1200w\" sizes=\"auto, (min-width: 2200px) 100vw, (min-width: 784px) 497px, (min-width: 712px) 784px, (min-width: 640px) 712px, \" \/><\/div><\/div><div style=\"padding:5px;\" class=\"fusion-grid-column fusion-gallery-column fusion-gallery-column-3 hover-type-none\"><div class=\"fusion-gallery-image\"><img loading=\"lazy\" decoding=\"async\" width=\"400\" height=\"283\" src=\"http:\/\/koreakulturhaus.at\/wp-content\/uploads\/2021\/09\/\uc2dc\uc778\uc815\uc6d0_\ub2e8\uba74\ub3c42-400x283.jpg\" alt=\"\" title=\"\uc2dc\uc778\uc815\uc6d0_\ub2e8\uba74\ub3c42\" aria-label=\"\uc2dc\uc778\uc815\uc6d0_\ub2e8\uba74\ub3c42\" class=\"img-responsive wp-image-6660\" srcset=\"http:\/\/koreakulturhaus.at\/wp-content\/uploads\/2021\/09\/\uc2dc\uc778\uc815\uc6d0_\ub2e8\uba74\ub3c42-200x142.jpg 200w, http:\/\/koreakulturhaus.at\/wp-content\/uploads\/2021\/09\/\uc2dc\uc778\uc815\uc6d0_\ub2e8\uba74\ub3c42-400x283.jpg 400w, http:\/\/koreakulturhaus.at\/wp-content\/uploads\/2021\/09\/\uc2dc\uc778\uc815\uc6d0_\ub2e8\uba74\ub3c42-600x425.jpg 600w, http:\/\/koreakulturhaus.at\/wp-content\/uploads\/2021\/09\/\uc2dc\uc778\uc815\uc6d0_\ub2e8\uba74\ub3c42-800x566.jpg 800w, http:\/\/koreakulturhaus.at\/wp-content\/uploads\/2021\/09\/\uc2dc\uc778\uc815\uc6d0_\ub2e8\uba74\ub3c42-1200x849.jpg 1200w, http:\/\/koreakulturhaus.at\/wp-content\/uploads\/2021\/09\/\uc2dc\uc778\uc815\uc6d0_\ub2e8\uba74\ub3c42.jpg 1286w\" sizes=\"auto, (min-width: 2200px) 100vw, (min-width: 784px) 497px, (min-width: 712px) 784px, (min-width: 640px) 712px, \" \/><\/div><\/div><div class=\"clearfix\"><\/div><\/div><span class=\"fusion-imageframe imageframe-none imageframe-2 hover-type-none\"><\/span><div class=\"fusion-gallery fusion-gallery-container fusion-grid-2 fusion-columns-total-4 fusion-gallery-layout-grid\" style=\"margin:-5px;\"><div style=\"padding:5px;\" class=\"fusion-grid-column fusion-gallery-column fusion-gallery-column-2 hover-type-none\"><div class=\"fusion-gallery-image\"><img loading=\"lazy\" decoding=\"async\" width=\"800\" height=\"1065\" src=\"http:\/\/koreakulturhaus.at\/wp-content\/uploads\/2023\/09\/KakaoTalk_20230921_022549088_20-800x1065.jpg\" alt=\"\" title=\"OLYMPUS DIGITAL CAMERA\" aria-label=\"OLYMPUS DIGITAL CAMERA\" class=\"img-responsive wp-image-6826\" srcset=\"http:\/\/koreakulturhaus.at\/wp-content\/uploads\/2023\/09\/KakaoTalk_20230921_022549088_20-200x266.jpg 200w, http:\/\/koreakulturhaus.at\/wp-content\/uploads\/2023\/09\/KakaoTalk_20230921_022549088_20-400x533.jpg 400w, http:\/\/koreakulturhaus.at\/wp-content\/uploads\/2023\/09\/KakaoTalk_20230921_022549088_20-600x799.jpg 600w, http:\/\/koreakulturhaus.at\/wp-content\/uploads\/2023\/09\/KakaoTalk_20230921_022549088_20-800x1065.jpg 800w, http:\/\/koreakulturhaus.at\/wp-content\/uploads\/2023\/09\/KakaoTalk_20230921_022549088_20-1200x1598.jpg 1200w\" sizes=\"auto, (min-width: 2200px) 100vw, (min-width: 712px) 784px, (min-width: 640px) 712px, \" \/><\/div><\/div><div style=\"padding:5px;\" class=\"fusion-grid-column fusion-gallery-column fusion-gallery-column-2 hover-type-none\"><div class=\"fusion-gallery-image\"><img loading=\"lazy\" decoding=\"async\" width=\"800\" height=\"1066\" src=\"http:\/\/koreakulturhaus.at\/wp-content\/uploads\/2023\/09\/KakaoTalk_20230921_022549088_22-800x1066.jpg\" alt=\"\" title=\"OLYMPUS DIGITAL CAMERA\" aria-label=\"OLYMPUS DIGITAL CAMERA\" class=\"img-responsive wp-image-6824\" srcset=\"http:\/\/koreakulturhaus.at\/wp-content\/uploads\/2023\/09\/KakaoTalk_20230921_022549088_22-200x267.jpg 200w, http:\/\/koreakulturhaus.at\/wp-content\/uploads\/2023\/09\/KakaoTalk_20230921_022549088_22-400x533.jpg 400w, http:\/\/koreakulturhaus.at\/wp-content\/uploads\/2023\/09\/KakaoTalk_20230921_022549088_22-600x800.jpg 600w, http:\/\/koreakulturhaus.at\/wp-content\/uploads\/2023\/09\/KakaoTalk_20230921_022549088_22-800x1066.jpg 800w, http:\/\/koreakulturhaus.at\/wp-content\/uploads\/2023\/09\/KakaoTalk_20230921_022549088_22-1200x1599.jpg 1200w\" sizes=\"auto, (min-width: 2200px) 100vw, (min-width: 712px) 784px, (min-width: 640px) 712px, \" \/><\/div><\/div><div class=\"clearfix\"><\/div><div style=\"padding:5px;\" class=\"fusion-grid-column fusion-gallery-column fusion-gallery-column-2 hover-type-none\"><div class=\"fusion-gallery-image\"><img loading=\"lazy\" decoding=\"async\" width=\"800\" height=\"1066\" src=\"http:\/\/koreakulturhaus.at\/wp-content\/uploads\/2023\/09\/KakaoTalk_20230921_022549088_21-800x1066.jpg\" alt=\"\" title=\"OLYMPUS DIGITAL CAMERA\" aria-label=\"OLYMPUS DIGITAL CAMERA\" class=\"img-responsive wp-image-6825\" srcset=\"http:\/\/koreakulturhaus.at\/wp-content\/uploads\/2023\/09\/KakaoTalk_20230921_022549088_21-200x266.jpg 200w, http:\/\/koreakulturhaus.at\/wp-content\/uploads\/2023\/09\/KakaoTalk_20230921_022549088_21-400x533.jpg 400w, http:\/\/koreakulturhaus.at\/wp-content\/uploads\/2023\/09\/KakaoTalk_20230921_022549088_21-600x799.jpg 600w, http:\/\/koreakulturhaus.at\/wp-content\/uploads\/2023\/09\/KakaoTalk_20230921_022549088_21-800x1066.jpg 800w, http:\/\/koreakulturhaus.at\/wp-content\/uploads\/2023\/09\/KakaoTalk_20230921_022549088_21-1200x1599.jpg 1200w\" sizes=\"auto, (min-width: 2200px) 100vw, (min-width: 712px) 784px, (min-width: 640px) 712px, \" \/><\/div><\/div><div style=\"padding:5px;\" class=\"fusion-grid-column fusion-gallery-column fusion-gallery-column-2 hover-type-none\"><div class=\"fusion-gallery-image\"><img loading=\"lazy\" decoding=\"async\" width=\"800\" height=\"1067\" src=\"http:\/\/koreakulturhaus.at\/wp-content\/uploads\/2023\/09\/KakaoTalk_20230921_022549088_23-800x1067.jpg\" alt=\"\" title=\"OLYMPUS DIGITAL CAMERA\" aria-label=\"OLYMPUS DIGITAL CAMERA\" class=\"img-responsive wp-image-6823\" srcset=\"http:\/\/koreakulturhaus.at\/wp-content\/uploads\/2023\/09\/KakaoTalk_20230921_022549088_23-200x267.jpg 200w, http:\/\/koreakulturhaus.at\/wp-content\/uploads\/2023\/09\/KakaoTalk_20230921_022549088_23-400x534.jpg 400w, http:\/\/koreakulturhaus.at\/wp-content\/uploads\/2023\/09\/KakaoTalk_20230921_022549088_23-600x800.jpg 600w, http:\/\/koreakulturhaus.at\/wp-content\/uploads\/2023\/09\/KakaoTalk_20230921_022549088_23-800x1067.jpg 800w, http:\/\/koreakulturhaus.at\/wp-content\/uploads\/2023\/09\/KakaoTalk_20230921_022549088_23-1200x1601.jpg 1200w\" sizes=\"auto, (min-width: 2200px) 100vw, (min-width: 712px) 784px, (min-width: 640px) 712px, \" \/><\/div><\/div><div class=\"clearfix\"><\/div><\/div><div class=\"fusion-clearfix\"><\/div>\n\n\t\t\t\t\t<\/div>\n\t\t\t\t<\/div><\/div><\/div><div class=\"fusion-fullwidth fullwidth-box nonhundred-percent-fullwidth non-hundred-percent-height-scrolling\"  style='background-color: rgba(255,255,255,0);background-position: center center;background-repeat: no-repeat;padding-top:0px;padding-right:0px;padding-bottom:0px;padding-left:0px;'><div class=\"fusion-builder-row fusion-row \"><div  class=\"fusion-layout-column fusion_builder_column fusion_builder_column_1_1  fusion-one-full fusion-column-first fusion-column-last 1_1\"  style='margin-top:0px;margin-bottom:20px;'>\n\t\t\t\t\t<div class=\"fusion-column-wrapper\" style=\"padding: 0px 0px 0px 0px;background-position:left top;background-repeat:no-repeat;-webkit-background-size:cover;-moz-background-size:cover;-o-background-size:cover;background-size:cover;\"  data-bg-url=\"\">\n\t\t\t\t\t\t<div class=\"fusion-text\"><p><strong>\"Garten der koreanischen Dichter\" Geplanter Errichtung<\/strong><\/p>\n<p>Um am 3. Mai 2022 das 10-j\u00e4hrige Bestehen des Koreakulturhauses zu feiern, haben wir beschlossen, Denkm\u00e4ler anfertigen zu lassen von 5 repr\u00e4sentativen koreanischen Dichtern.<\/p>\n<p>Nach einer Umfrage wurden die Dichter Kim So-w\u014fl, Cheong Chi-Yong, Han Yong-un, Yun Dong-ju und Cho Chi-hun ausgew\u00e4hlt. Unser Sekretariat kooperierte mit den Nachkommen der Dichter, deren Erinnerungs-Stiftungen sowie dem Literature Translation Institute of Korea und befindet sich nun in der Phase der Bewilligung durch die Beh\u00f6rde f\u00fcr Kulturdenkm\u00e4ler.<\/p>\n<p>Au\u00dferdem haben wir Kontakt aufgebaut zu K\u00fcnstler*innen im In- und Ausland, um die B\u00fcsten der Dichter anzufertigen.<\/p>\n<p>&nbsp;<\/p>\n<p><strong>&lt;\ud55c\uad6d \uc2dc\uc778\uc758 \uc815\uc6d0&gt; \uc870\uc131\uc0ac\uc5c5<\/strong><\/p>\n<p>\uc624\uc2a4\ud2b8\ub9ac\uc544 \ud55c\uc778\ubb38\ud654\ud68c\uad00(\uad00\uc7a5 \uc1a1\ud6a8\uc219)\uc740 2022\ub144 5\uc6d4 3\uc77c \ud68c\uad00 \uac1c\uad00 10\uc8fc\ub144\uc744 \ub9de\uc774\ud558\uc5ec \ud68c\uad00 \ubd80\uc9c0\uc5d0 '\ud55c\uad6d\uc2dc\uc778\uc758 \uc815\uc6d0'\uc744 \uc870\uc131\ud558\uc600\uc2b5\ub2c8\ub2e4.&nbsp;<\/p>\n<p>\uc624\uc2a4\ud2b8\ub9ac\uc544 \uac70\uc8fc \ud55c\uc778\ub4e4\uc744 \ub300\uc0c1\uc73c\ub85c \uc124\ubb38\uc870\uc0ac\ub97c \ud558\uace0 \ud55c\uad6d\uc758 \uc5ec\ub7ec \uc804\ubb38\uac00\ub4e4\uc758 \uc790\ubb38\uc744 \ubc1b\uc544 \ub2e4\uc12f \ubd84\uc758 \uc2dc\uc778\ub4e4\uc744 \ubaa8\uc2dc\uae30\ub85c \ud558\uace0, \uac01 \uc2dc\uc778\uc758 \uae30\ub150\uc0ac\uc5c5\ud68c \ud639\uc740 \ubb38\ud559\uad00 \ubc0f \uc720\uc871\uc5d0 \ubb38\uc758\ud55c \uacb0\uacfc \uc2dc\uc778\uc758 \ub300\ud45c\uc791\uc744 \uc544\ub798\uc640 \uac19\uc774 \ucd94\ucc9c\uc744 \ubc1b\uc558\uc2b5\ub2c8\ub2e4.&nbsp;<\/p>\n<p><strong>1. \uae40\uc18c\uc6d4 \u2013 \uc9c4\ub2ec\ub798\uaf43<br \/>\n2. \ud55c\uc6a9\uc6b4 \u2013 \ub2d8\uc758 \uce68\ubb35<br \/>\n3. \uc724\ub3d9\uc8fc \u2013 \uc11c\uc2dc<br \/>\n4. \uc815\uc9c0\uc6a9 \u2013 \ud5a5\uc218<br \/>\n5. \uc870\uc9c0\ud6c8 \u2013 \ub099\ud654<\/strong><\/p>\n<p>\ubb38\ud654\ud68c\uad00\uc740 \uc624\uc2a4\ud2b8\ub9ac\uc544 \ubb38\ud654\uc7ac\ub2f9\uad6d\uc758 \uc778\ud5c8\uac00 \ud558\uc5d0,&nbsp;\ud749\uc0c1 \ubc0f \uae30\ub2e8\uc758 \uc81c\uc791 \uad00\ub828 \uad6d\ub0b4\uc678 \uc791\uac00\ub4e4\uc744 \uc12d\uc678 \ud558\uc600\uc73c\uba70 \ub300\ud45c\uc791 \ubc88\uc5ed\uc740 \ud55c\uad6d\ubb38\ud559\ubc88\uc5ed\uc6d0(\uacfd\ud6a8\ud658\uc6d0\uc7a5)\uc758 \ub3c4\uc6c0\uc744 \ubc1b\uc558\uc2b5\ub2c8\ub2e4.&nbsp;<\/p>\n<p>\uc2dc\uc778\uc815\uc6d0\uc740 \ud68c\uad00 \uc815\ubb38 \uc606 6m \u00d7 20m \ub113\uc774\uc758 \uacf5\uac04\uc5d0 \uc870\uc131 \ub418\uc5b4, \uc2dc\ube44\ub294 \ub192\uc774 \uc57d 180cm\ub85c \ud558\uace0 \ud749\uc0c1\uc740 \uc57d 6-70cm, \uae30\ub2e8 110m\ub85c \ud558\ub418, \uae30\ub2e8 \uc55e\uba74\uc5d4 \uc2dc\uc778 \uc774\ub984(\ud55c\uae00\uacfc \ub3c5\uc77c\uc5b4)\uacfc \uc0dd\uc874\uc5f0\ub3c4\ub97c \uc801\uace0, \uc67c\ucabd\uba74\uc5d0 \ud55c\uae00 \uc2dc, \uc624\ub978\ucabd\uba74\uc5d0 \ub3c5\uc77c\uc5b4 \ubc88\uc5ed\ubcf8, \ub4b7\uba74\uc5d0 \uc81c\uc791\uc790, \ubc88\uc5ed\uc790\uc640 \uc791\uac00 \uba85\ub4f1\uc774 \uc0c8\uaca8\uc84c\uc2b5\ub2c8\ub2e4.&nbsp;<\/p>\n<p>\uac01 \uc2dc\uc778 \ub300\ud45c \uc2dc\ub97c \uc6d0\uc791 \ub2f9\uc2dc \ud55c\uae00, \ud604\ub300 \ud55c\uae00 \ud45c\uc900\uc5b4, \uc601\uc5b4, \ub3c5\uc77c\uc5b4 \ubc88\uc5ed\ubcf8\uc744 \ub9cc\ub4e4\uc5b4, \ud68c\uad00\ub0b4 \ud55c\uae00\ud559\uad50 \uac01 \uad50\uc2e4 \ubcbd\uc5d0\ub3c4 \ubd80\ucc29\ud558\ub824\uace0 \ud569\ub2c8\ub2e4.&nbsp;<\/p>\n<p>\ub610\ud55c \ud55c\uc778\ubb38\ud654\ud68c\uad00 \ud648\ud398\uc774\uc9c0\uc5d0 \ud55c\uad6d\uc2dc\uc778\uc815\uc6d0 \uc18c\uac1c \uacf5\uac04\uc744 \ud655\ubcf4\ud558\uc5ec, \uac01 \uc2dc\uc778\ub4e4\uc758 \uc0b6\uacfc \uc2dc\ub4e4\uc744 \uc18c\uac1c\ud558\uace0 \uc18c\uac1c \ub3d9\uc601\uc0c1\ub4e4\uc744 \uc62c\ub824\uc11c \ub9ce\uc740 \ubd84\ub4e4\uc774 \ubc29\ubb38\ud560 \uc218 \uc788\ub3c4\ub85d \ud560 \uac83\uc785\ub2c8\ub2e4. \uac10\uc0ac\ud569\ub2c8\ub2e4. \ud83d\ude01&nbsp;<\/p>\n<\/div><div class=\"fusion-clearfix\"><\/div>\n\n\t\t\t\t\t<\/div>\n\t\t\t\t<\/div><\/div><\/div><div class=\"fusion-fullwidth fullwidth-box nonhundred-percent-fullwidth non-hundred-percent-height-scrolling\"  style='background-color: rgba(255,255,255,0);background-position: center center;background-repeat: no-repeat;padding-top:0px;padding-right:0px;padding-bottom:0px;padding-left:0px;'><div class=\"fusion-builder-row fusion-row \"><div  class=\"fusion-layout-column fusion_builder_column fusion_builder_column_1_1  fusion-one-full fusion-column-first fusion-column-last 1_1\"  style='margin-top:0px;margin-bottom:20px;'>\n\t\t\t\t\t<div class=\"fusion-column-wrapper\" style=\"padding: 0px 0px 0px 0px;background-position:left top;background-repeat:no-repeat;-webkit-background-size:cover;-moz-background-size:cover;-o-background-size:cover;background-size:cover;\"  data-bg-url=\"\">\n\t\t\t\t\t\t<div class=\"imageframe-align-center\"><span class=\"fusion-imageframe imageframe-none imageframe-3 hover-type-none fusion-no-large-visibility\"><\/span><\/div><div class=\"fusion-clearfix\"><\/div>\n\n\t\t\t\t\t<\/div>\n\t\t\t\t<\/div><\/div><\/div><\/p>\n","protected":false},"excerpt":{"rendered":"","protected":false},"author":2,"featured_media":0,"parent":0,"menu_order":0,"comment_status":"closed","ping_status":"closed","template":"","meta":{"ngg_post_thumbnail":0,"footnotes":""},"class_list":["post-6641","page","type-page","status-publish","hentry"],"_links":{"self":[{"href":"http:\/\/koreakulturhaus.at\/kr\/wp-json\/wp\/v2\/pages\/6641","targetHints":{"allow":["GET"]}}],"collection":[{"href":"http:\/\/koreakulturhaus.at\/kr\/wp-json\/wp\/v2\/pages"}],"about":[{"href":"http:\/\/koreakulturhaus.at\/kr\/wp-json\/wp\/v2\/types\/page"}],"author":[{"embeddable":true,"href":"http:\/\/koreakulturhaus.at\/kr\/wp-json\/wp\/v2\/users\/2"}],"replies":[{"embeddable":true,"href":"http:\/\/koreakulturhaus.at\/kr\/wp-json\/wp\/v2\/comments?post=6641"}],"version-history":[{"count":17,"href":"http:\/\/koreakulturhaus.at\/kr\/wp-json\/wp\/v2\/pages\/6641\/revisions"}],"predecessor-version":[{"id":6931,"href":"http:\/\/koreakulturhaus.at\/kr\/wp-json\/wp\/v2\/pages\/6641\/revisions\/6931"}],"wp:attachment":[{"href":"http:\/\/koreakulturhaus.at\/kr\/wp-json\/wp\/v2\/media?parent=6641"}],"curies":[{"name":"wp","href":"https:\/\/api.w.org\/{rel}","templated":true}]}}