{"id":6682,"date":"2021-09-16T13:33:46","date_gmt":"2021-09-16T11:33:46","guid":{"rendered":"http:\/\/koreakulturhaus.at\/?page_id=6682"},"modified":"2023-10-16T18:44:30","modified_gmt":"2023-10-16T16:44:30","slug":"cho-chi-hun","status":"publish","type":"page","link":"http:\/\/koreakulturhaus.at\/kr\/cho-chi-hun\/","title":{"rendered":"Cho Chi-hun"},"content":{"rendered":"<p><div class=\"fusion-fullwidth fullwidth-box nonhundred-percent-fullwidth non-hundred-percent-height-scrolling\"  style='background-color: rgba(255,255,255,0);background-position: center center;background-repeat: no-repeat;padding-top:0px;padding-right:0px;padding-bottom:0px;padding-left:0px;'><div class=\"fusion-builder-row fusion-row \"><div  class=\"fusion-layout-column fusion_builder_column fusion_builder_column_1_2  fusion-one-half fusion-column-first 1_2\"  style='margin-top:0px;margin-bottom:20px;width:50%;width:calc(50% - ( ( 4% + 4% ) * 0.5 ) );margin-right: 4%;'>\n\t\t\t\t\t<div class=\"fusion-column-wrapper\" style=\"padding: 0px 0px 0px 0px;background-position:left top;background-repeat:no-repeat;-webkit-background-size:cover;-moz-background-size:cover;-o-background-size:cover;background-size:cover;\"  data-bg-url=\"\">\n\t\t\t\t\t\t<div class=\"fusion-text\"><h2 style=\"text-align: right;\">&nbsp;<\/h2>\n<\/div><div class=\"fusion-video fusion-youtube\" style=\"max-width:600px;max-height:360px;\"><div class=\"video-shortcode\"><iframe loading=\"lazy\" title=\"YouTube video player\" src=\"https:\/\/www.youtube.com\/embed\/Q0Y_7-gwlS0?wmode=transparent&autoplay=0\" width=\"600\" height=\"360\" allowfullscreen><\/iframe><\/div><\/div><div class=\"fusion-clearfix\"><\/div>\n\n\t\t\t\t\t<\/div>\n\t\t\t\t<\/div><div  class=\"fusion-layout-column fusion_builder_column fusion_builder_column_1_6  fusion-one-sixth 1_6\"  style='margin-top:0px;margin-bottom:20px;width:16.66%;width:calc(16.66% - ( ( 4% + 4% ) * 0.1666 ) );margin-right: 4%;'>\n\t\t\t\t\t<div class=\"fusion-column-wrapper\" style=\"padding: 0px 0px 0px 0px;background-position:left top;background-repeat:no-repeat;-webkit-background-size:cover;-moz-background-size:cover;-o-background-size:cover;background-size:cover;\"  data-bg-url=\"\">\n\t\t\t\t\t\t<div class=\"fusion-clearfix\"><\/div>\n\n\t\t\t\t\t<\/div>\n\t\t\t\t<\/div><div  class=\"fusion-layout-column fusion_builder_column fusion_builder_column_1_3  fusion-one-third fusion-column-last 1_3\"  style='margin-top:0px;margin-bottom:20px;width:33.33%;width:calc(33.33% - ( ( 4% + 4% ) * 0.3333 ) );'>\n\t\t\t\t\t<div class=\"fusion-column-wrapper\" style=\"padding: 0px 0px 0px 0px;background-position:left top;background-repeat:no-repeat;-webkit-background-size:cover;-moz-background-size:cover;-o-background-size:cover;background-size:cover;\"  data-bg-url=\"\">\n\t\t\t\t\t\t<div class=\"fusion-text\"><h2 style=\"text-align: right;\"><strong>\uc870\uc9c0\ud6c8 (1920-1968)<\/strong><\/h2>\n<\/div><span class=\"fusion-imageframe imageframe-none imageframe-1 hover-type-none\"><img loading=\"lazy\" decoding=\"async\" src=\"http:\/\/koreakulturhaus.at\/wp-content\/uploads\/2023\/10\/KakaoTalk_20210730_175603791_01-1-498x1024-00.jpg\" width=\"498\" height=\"664\" alt=\"\" title=\"KakaoTalk_20210730_175603791_01-1-498&#215;1024 00\" class=\"img-responsive wp-image-6886\" srcset=\"http:\/\/koreakulturhaus.at\/wp-content\/uploads\/2023\/10\/KakaoTalk_20210730_175603791_01-1-498x1024-00-200x267.jpg 200w, http:\/\/koreakulturhaus.at\/wp-content\/uploads\/2023\/10\/KakaoTalk_20210730_175603791_01-1-498x1024-00-400x533.jpg 400w, http:\/\/koreakulturhaus.at\/wp-content\/uploads\/2023\/10\/KakaoTalk_20210730_175603791_01-1-498x1024-00.jpg 498w\" sizes=\"auto, (max-width: 800px) 100vw, 498px\" \/><\/span><div class=\"fusion-clearfix\"><\/div>\n\n\t\t\t\t\t<\/div>\n\t\t\t\t<\/div><\/div><\/div><div class=\"fusion-fullwidth fullwidth-box nonhundred-percent-fullwidth non-hundred-percent-height-scrolling\"  style='background-color: rgba(255,255,255,0);background-position: center center;background-repeat: no-repeat;padding-top:0px;padding-right:0px;padding-bottom:0px;padding-left:0px;'><div class=\"fusion-builder-row fusion-row \"><div  class=\"fusion-layout-column fusion_builder_column fusion_builder_column_1_1  fusion-one-full fusion-column-first fusion-column-last 1_1\"  style='margin-top:0px;margin-bottom:20px;'>\n\t\t\t\t\t<div class=\"fusion-column-wrapper\" style=\"padding: 0px 0px 0px 0px;background-position:left top;background-repeat:no-repeat;-webkit-background-size:cover;-moz-background-size:cover;-o-background-size:cover;background-size:cover;\"  data-bg-url=\"\">\n\t\t\t\t\t\t<div class=\"fusion-text\"><p><strong>Cho Chi-hun (aus Wikipedia)<\/strong><\/p>\n<p>Cho wurde am 3. Dezember 1920 in Yeongyang, Gyeongsangbuk-do, w\u00e4hrend der Zeit der japanischen Herrschaft geboren.<\/p>\n<p>Er absolvierte das Hyehwa College im Jahr 1941 mit einem Abschluss in Liberal Arts. Er unterrichtete am Odaesan Buddhist College und gr\u00fcndete 1946 nach der koreanischen Befreiung die Vereinigung junger Schriftsteller. Cho war auch Pr\u00e4sident der Gesellschaft koreanischer Dichter und ab 1947 Professor an der Korea University. Cho war auch der erste Leiter des Nationalen Kulturforschungsinstituts der Korea-Universit\u00e4t.<br \/>\nEr starb am 17. Mai 1968. Ein Denkmal f\u00fcr ihn steht auf Namsan in Seoul.<\/p>\n<p>Das Korea Literature Translation Institute fasst Chos Arbeit folgenderma\u00dfen zusammen:<br \/>\nDie feine klassische Sch\u00f6nheit Koreas, die in diesem Werk zum Ausdruck kommt, ruft beim Leser ein Gef\u00fchl von Frieden und Ruhe hervor. &#8220;The Grief of Phoenix&#8221; (Bonghwangsu) beschreibt, w\u00e4hrend es einige Geheimnisse der architektonischen Sch\u00f6nheit des Palastes ausf\u00fchrlich beschreibt, diejenigen, die in der Joseon-\u00c4ra die souver\u00e4ne Macht innehatten, mit den Intellektuellen der Kolonialzeit und enth\u00fcllt den Schmerz und die tragischen Gef\u00fchle der regierten Klassen.<br \/>\nDiese ersten Gedichte von Cho Jihun, die den lyrischen Ausdruck des traditionellen und nationalen Bewusstseins Koreas einfangen, sind in &#8220;The Blue Deer Anthology&#8221; (Cheongrokjip) enthalten, einer gemeinsamen Sammlung, die mit zwei anderen, Pak Tu-jin und Park Mok-wol, geteilt wird.<\/p>\n<p>Unmittelbar nach der Befreiung betonte der zeitgen\u00f6ssische Cho Jihun, dass nur diejenigen, die eine rein poetische \u00c4sthetik h\u00fcteten, als Dichter betrachtet werden k\u00f6nnten, und behauptete, dass der Schutz der individuellen Freiheit und das Streben nach Befreiung der menschlichen Natur das Wesen der Poesie seien. Diese literarische Reinheit und nationalistische Leidenschaft wird in der patriotischen Stimme des Dichters in seiner Anthologie &#8220;Standing Before History&#8221; (Yeoksa apeseo) proklamiert.<br \/>\nDie Arbeit kritisiert mit einem klaren historischen Bewusstsein die politische Korruption und soziale Irrationalit\u00e4t, die durch die nationale Spaltung und den internen Streit des Tages hervorgerufen werden. Insbesondere &#8220;Dabuwoneseo&#8221; ist eines der besten Beispiele f\u00fcr Kriegspoesie, die den tragischen Zustand innerer Konflikte auf der Grundlage pers\u00f6nlicher Erfahrungen scharf darstellt.<\/p>\n<\/div><div class=\"fusion-clearfix\"><\/div>\n\n\t\t\t\t\t<\/div>\n\t\t\t\t<\/div><\/div><\/div><\/p>\n","protected":false},"excerpt":{"rendered":"","protected":false},"author":2,"featured_media":0,"parent":0,"menu_order":0,"comment_status":"closed","ping_status":"closed","template":"","meta":{"ngg_post_thumbnail":0,"footnotes":""},"class_list":["post-6682","page","type-page","status-publish","hentry"],"_links":{"self":[{"href":"http:\/\/koreakulturhaus.at\/kr\/wp-json\/wp\/v2\/pages\/6682","targetHints":{"allow":["GET"]}}],"collection":[{"href":"http:\/\/koreakulturhaus.at\/kr\/wp-json\/wp\/v2\/pages"}],"about":[{"href":"http:\/\/koreakulturhaus.at\/kr\/wp-json\/wp\/v2\/types\/page"}],"author":[{"embeddable":true,"href":"http:\/\/koreakulturhaus.at\/kr\/wp-json\/wp\/v2\/users\/2"}],"replies":[{"embeddable":true,"href":"http:\/\/koreakulturhaus.at\/kr\/wp-json\/wp\/v2\/comments?post=6682"}],"version-history":[{"count":12,"href":"http:\/\/koreakulturhaus.at\/kr\/wp-json\/wp\/v2\/pages\/6682\/revisions"}],"predecessor-version":[{"id":6893,"href":"http:\/\/koreakulturhaus.at\/kr\/wp-json\/wp\/v2\/pages\/6682\/revisions\/6893"}],"wp:attachment":[{"href":"http:\/\/koreakulturhaus.at\/kr\/wp-json\/wp\/v2\/media?parent=6682"}],"curies":[{"name":"wp","href":"https:\/\/api.w.org\/{rel}","templated":true}]}}